{"id":534,"date":"2022-05-20T16:18:22","date_gmt":"2022-05-20T14:18:22","guid":{"rendered":"http:\/\/localhost:8080\/?page_id=534"},"modified":"2025-12-08T23:59:18","modified_gmt":"2025-12-08T22:59:18","slug":"costi","status":"publish","type":"page","link":"https:\/\/adriascuoleinfanzia.it\/?page_id=534","title":{"rendered":"Costi"},"content":{"rendered":"\t\t<div data-elementor-type=\"wp-page\" data-elementor-id=\"534\" class=\"elementor elementor-534\">\n\t\t\t\t\t\t<section class=\"elementor-section elementor-top-section elementor-element elementor-element-f1fb118 elementor-section-boxed elementor-section-height-default elementor-section-height-default\" data-id=\"f1fb118\" data-element_type=\"section\" data-e-type=\"section\">\n\t\t\t\t\t\t<div class=\"elementor-container elementor-column-gap-default\">\n\t\t\t\t\t<div class=\"elementor-column elementor-col-100 elementor-top-column elementor-element elementor-element-b630ea9\" data-id=\"b630ea9\" data-element_type=\"column\" data-e-type=\"column\">\n\t\t\t<div class=\"elementor-widget-wrap elementor-element-populated\">\n\t\t\t\t\t\t<div class=\"elementor-element elementor-element-3baf3d8 elementor-widget elementor-widget-heading\" data-id=\"3baf3d8\" data-element_type=\"widget\" data-e-type=\"widget\" data-widget_type=\"heading.default\">\n\t\t\t\t<div class=\"elementor-widget-container\">\n\t\t\t\t\t<h2 class=\"elementor-heading-title elementor-size-default\">Canone Annuale<\/h2>\t\t\t\t<\/div>\n\t\t\t\t<\/div>\n\t\t\t\t\t<\/div>\n\t\t<\/div>\n\t\t\t\t\t<\/div>\n\t\t<\/section>\n\t\t\t\t<section class=\"elementor-section elementor-top-section elementor-element elementor-element-8d698d1 elementor-section-boxed elementor-section-height-default elementor-section-height-default\" data-id=\"8d698d1\" data-element_type=\"section\" data-e-type=\"section\">\n\t\t\t\t\t\t<div class=\"elementor-container elementor-column-gap-default\">\n\t\t\t\t\t<div class=\"elementor-column elementor-col-100 elementor-top-column elementor-element elementor-element-437562d\" data-id=\"437562d\" data-element_type=\"column\" data-e-type=\"column\">\n\t\t\t<div class=\"elementor-widget-wrap elementor-element-populated\">\n\t\t\t\t\t\t<div class=\"elementor-element elementor-element-85d572d elementor-widget__width-initial elementor-widget elementor-widget-text-editor\" data-id=\"85d572d\" data-element_type=\"widget\" data-e-type=\"widget\" data-widget_type=\"text-editor.default\">\n\t\t\t\t<div class=\"elementor-widget-container\">\n\t\t\t\t\t\t\t\t\t<hr \/><p>20Il canone dovuto alla Scuola per l&#8217;anno scolastico 2025-2026 \u00e8 annuale ed \u00e8 da corrispondere indipendentemente dalla frequenza del bambino ed \u00e8 cos\u00ec determinato:<\/p><ul><li>\u20ac 2.800,00 SEZIONI INFANZIA &#8211; GIORNATA INTERA (10 MESI)<\/li><li>\u20ac 2.400,00 SEZIONI INFANZIA \u2013 MEZZA GIORNATA (10 MESI)<\/li><li>\u20ac 3.520,00 SEZIONI PRIMAVERA \u2013 GIORNATA INTERA (11 MESI di frequenza)<\/li><\/ul><p>Il canone annuale di cui sopra viene rateizzato in dieci versamenti mensili per le sezioni d&#8217;infanzia e 11 rate mensili per la sezione primavera, entro il 10 di ogni mese da Settembre a Giugno (Infanzia) oppure Luglio (Primavera) indipendentemente dalla frequenza del bambino.<\/p><ul><li><em>La rata mensile (10 rate) per il servizio di scuola dell\u2019infanzia<\/em> a giornata intera corrisponde ad \u20ac280,00 (\u20ac250,00 sede di Bottrighe).<\/li><li><em>La rata mensile (10 rate) per il servizio di scuola d\u2019infanzia<\/em> <em>a 1\/2 giornata<\/em> corrisponde a \u20ac240,00 (\u20ac220,00 sede di Bottrighe).<\/li><li><em>La rata mensile (11 rate) per il servizio di sezione primavera<\/em> corrisponde in tutte le Scuole ad \u20ac320,00 rimborsata dallo Stato fino al 90% circa in base alla propria posizione fiscale e contributiva: ci si informi presso un CAF o presso INPS.\u00a0<\/li><\/ul><p>Il canone d\u00e0 diritto alla frequentazione della Scuola <em><strong>dall\u2019orario apertura fino alle ore 17.00<\/strong><\/em> o, per il ciclo di mezza giornata, fino a prima del pranzo, (indicativamente ore 11.30). La possibilit\u00e0 di scelta del turno di mezza giornata deve essere verificata e approvata dalla Scuola. Pur non essendo obbligatoria la frequenza alla scuola dell\u2019infanzia, l\u2019iscrizione \u00e8 un impegno alla frequenza regolare. Quando il bambino rimane assente dovr\u00e0 essere data una giustificazione alle insegnanti. <span style=\"color: var( --e-global-color-text ); font-family: var( --e-global-typography-text-font-family ), Sans-serif; background-color: var(--bs-white); text-transform: inherit;\">Le rati mensili devono essere versate esclusivamente con bonifico bancario.\u00a0<\/span><\/p><p><em>\u00c8 prevista una quota universale fissa di iscrizione, pari ad \u20ac100,00<\/em> per tutte le Scuole e per qualsiasi servizio, da versarsi al momento della presentazione<br \/>della domanda: tale quota, che non \u00e8 rimborsabile in caso di revoca e\/o rinuncia della domanda di iscrizione, comprende l\u2019assicurazione del bambino, l&#8217;assicurazione INAIL immessa nell&#8217;anno scolastico 2023 per Legge divenuta obbligatoria, e i diritti di gestione amministrativa a carico della segreteria scolastica.<br \/><b><br \/>COSTI DEI SERVIZI INTEGRATIVI:<\/b><\/p><p><b>pasto per bambini di primaria\/medie in Scuola Santa Teresa: <br \/>\u20ac150,00\/mese<\/b><\/p><p><b>pranzo e doposcuola per bambini di primaria\/medie (Bottrighe): <br \/>\u20ac170,00 (3 gg) &#8211; 200,00 (4 gg)\u00a0<\/b><\/p><p><b style=\"color: var( --e-global-color-text ); font-family: var( --e-global-typography-text-font-family ), Sans-serif; background-color: var(--bs-white); font-style: inherit; text-transform: inherit;\">prolungamento orario (Immacolata e Santa Teresa)<br \/>\u20ac40,00\/mese per uscita oltre le 17.00 ed entro le 18.00<\/b><\/p><p><b style=\"color: var( --e-global-color-text ); font-family: var( --e-global-typography-text-font-family ), Sans-serif; background-color: var(--bs-white); font-style: inherit; text-transform: inherit;\">Saint Therese Full English (in Scuola Santa Teresa): <br \/>\u20ac300,00<\/b><b style=\"color: var( --e-global-color-text ); font-family: var( --e-global-typography-text-font-family ), Sans-serif; background-color: var(--bs-white); font-style: inherit; text-transform: inherit;\">\/mese oltre retta: per coloro che si iscrivono nell&#8217;a.s. 2026-2027 costo bloccato fino alla fine del ciclo di infanzia a \u20ac220,00\/mese oltre retta.\u00a0<\/b><\/p><p><span style=\"font-style: inherit; text-transform: inherit;\">English Program (in Scuola M. Immacolata):\u00a0<br \/><\/span><b style=\"color: var( --e-global-color-text ); font-family: var( --e-global-typography-text-font-family ), Sans-serif; font-style: inherit; text-transform: inherit; background-color: var(--bs-white);\">\u20ac50,00\/anno\u00a0<\/b><\/p>\t\t\t\t\t\t\t\t<\/div>\n\t\t\t\t<\/div>\n\t\t\t\t\t<\/div>\n\t\t<\/div>\n\t\t\t\t\t<\/div>\n\t\t<\/section>\n\t\t\t\t<\/div>\n\t\t","protected":false},"excerpt":{"rendered":"<p>Canone Annuale 20Il canone dovuto alla Scuola per l&#8217;anno scolastico 2025-2026 \u00e8 annuale ed \u00e8 da corrispondere indipendentemente dalla frequenza del bambino ed \u00e8 cos\u00ec determinato: \u20ac 2.800,00 SEZIONI INFANZIA &#8211; GIORNATA INTERA (10 MESI) \u20ac 2.400,00 SEZIONI INFANZIA \u2013 MEZZA GIORNATA (10 MESI) \u20ac 3.520,00 SEZIONI PRIMAVERA \u2013 GIORNATA INTERA (11 MESI di frequenza) [&hellip;]<\/p>\n","protected":false},"author":1,"featured_media":0,"parent":0,"menu_order":0,"comment_status":"closed","ping_status":"closed","template":"","meta":{"footnotes":""},"class_list":["post-534","page","type-page","status-publish","hentry"],"yoast_head":"<!-- This site is optimized with the Yoast SEO plugin v27.4 - https:\/\/yoast.com\/product\/yoast-seo-wordpress\/ -->\n<title>Costi - Scuole Paritarie Adria<\/title>\n<meta name=\"robots\" content=\"index, follow, max-snippet:-1, max-image-preview:large, max-video-preview:-1\" \/>\n<link rel=\"canonical\" href=\"https:\/\/adriascuoleinfanzia.it\/?page_id=534\" \/>\n<meta property=\"og:locale\" content=\"it_IT\" \/>\n<meta property=\"og:type\" content=\"article\" \/>\n<meta property=\"og:title\" content=\"Costi - Scuole Paritarie Adria\" \/>\n<meta property=\"og:description\" content=\"Canone Annuale 20Il canone dovuto alla Scuola per l&#8217;anno scolastico 2025-2026 \u00e8 annuale ed \u00e8 da corrispondere indipendentemente dalla frequenza del bambino ed \u00e8 cos\u00ec determinato: \u20ac 2.800,00 SEZIONI INFANZIA &#8211; GIORNATA INTERA (10 MESI) \u20ac 2.400,00 SEZIONI INFANZIA \u2013 MEZZA GIORNATA (10 MESI) \u20ac 3.520,00 SEZIONI PRIMAVERA \u2013 GIORNATA INTERA (11 MESI di frequenza) [&hellip;]\" \/>\n<meta property=\"og:url\" content=\"https:\/\/adriascuoleinfanzia.it\/?page_id=534\" \/>\n<meta property=\"og:site_name\" content=\"Scuole Paritarie Adria\" \/>\n<meta property=\"article:modified_time\" content=\"2025-12-08T22:59:18+00:00\" \/>\n<meta name=\"twitter:card\" content=\"summary_large_image\" \/>\n<meta name=\"twitter:label1\" content=\"Tempo di lettura stimato\" \/>\n\t<meta name=\"twitter:data1\" content=\"3 minuti\" \/>\n<script type=\"application\/ld+json\" class=\"yoast-schema-graph\">{\"@context\":\"https:\\\/\\\/schema.org\",\"@graph\":[{\"@type\":\"WebPage\",\"@id\":\"https:\\\/\\\/adriascuoleinfanzia.it\\\/?page_id=534\",\"url\":\"https:\\\/\\\/adriascuoleinfanzia.it\\\/?page_id=534\",\"name\":\"Costi - Scuole Paritarie Adria\",\"isPartOf\":{\"@id\":\"https:\\\/\\\/adriascuoleinfanzia.it\\\/#website\"},\"datePublished\":\"2022-05-20T14:18:22+00:00\",\"dateModified\":\"2025-12-08T22:59:18+00:00\",\"breadcrumb\":{\"@id\":\"https:\\\/\\\/adriascuoleinfanzia.it\\\/?page_id=534#breadcrumb\"},\"inLanguage\":\"it-IT\",\"potentialAction\":[{\"@type\":\"ReadAction\",\"target\":[\"https:\\\/\\\/adriascuoleinfanzia.it\\\/?page_id=534\"]}]},{\"@type\":\"BreadcrumbList\",\"@id\":\"https:\\\/\\\/adriascuoleinfanzia.it\\\/?page_id=534#breadcrumb\",\"itemListElement\":[{\"@type\":\"ListItem\",\"position\":1,\"name\":\"Home\",\"item\":\"https:\\\/\\\/adriascuoleinfanzia.it\\\/\"},{\"@type\":\"ListItem\",\"position\":2,\"name\":\"Costi\"}]},{\"@type\":\"WebSite\",\"@id\":\"https:\\\/\\\/adriascuoleinfanzia.it\\\/#website\",\"url\":\"https:\\\/\\\/adriascuoleinfanzia.it\\\/\",\"name\":\"Scuole Paritarie Adria\",\"description\":\"Per una Scuola che \u00e8 comunit\u00e0\",\"publisher\":{\"@id\":\"https:\\\/\\\/adriascuoleinfanzia.it\\\/#organization\"},\"potentialAction\":[{\"@type\":\"SearchAction\",\"target\":{\"@type\":\"EntryPoint\",\"urlTemplate\":\"https:\\\/\\\/adriascuoleinfanzia.it\\\/?s={search_term_string}\"},\"query-input\":{\"@type\":\"PropertyValueSpecification\",\"valueRequired\":true,\"valueName\":\"search_term_string\"}}],\"inLanguage\":\"it-IT\"},{\"@type\":\"Organization\",\"@id\":\"https:\\\/\\\/adriascuoleinfanzia.it\\\/#organization\",\"name\":\"Scuole Paritarie Adria\",\"url\":\"https:\\\/\\\/adriascuoleinfanzia.it\\\/\",\"logo\":{\"@type\":\"ImageObject\",\"inLanguage\":\"it-IT\",\"@id\":\"https:\\\/\\\/adriascuoleinfanzia.it\\\/#\\\/schema\\\/logo\\\/image\\\/\",\"url\":\"https:\\\/\\\/adriascuoleinfanzia.it\\\/wp-content\\\/uploads\\\/2022\\\/05\\\/logo-1.png\",\"contentUrl\":\"https:\\\/\\\/adriascuoleinfanzia.it\\\/wp-content\\\/uploads\\\/2022\\\/05\\\/logo-1.png\",\"width\":328,\"height\":271,\"caption\":\"Scuole Paritarie Adria\"},\"image\":{\"@id\":\"https:\\\/\\\/adriascuoleinfanzia.it\\\/#\\\/schema\\\/logo\\\/image\\\/\"}}]}<\/script>\n<!-- \/ Yoast SEO plugin. -->","yoast_head_json":{"title":"Costi - Scuole Paritarie Adria","robots":{"index":"index","follow":"follow","max-snippet":"max-snippet:-1","max-image-preview":"max-image-preview:large","max-video-preview":"max-video-preview:-1"},"canonical":"https:\/\/adriascuoleinfanzia.it\/?page_id=534","og_locale":"it_IT","og_type":"article","og_title":"Costi - Scuole Paritarie Adria","og_description":"Canone Annuale 20Il canone dovuto alla Scuola per l&#8217;anno scolastico 2025-2026 \u00e8 annuale ed \u00e8 da corrispondere indipendentemente dalla frequenza del bambino ed \u00e8 cos\u00ec determinato: \u20ac 2.800,00 SEZIONI INFANZIA &#8211; GIORNATA INTERA (10 MESI) \u20ac 2.400,00 SEZIONI INFANZIA \u2013 MEZZA GIORNATA (10 MESI) \u20ac 3.520,00 SEZIONI PRIMAVERA \u2013 GIORNATA INTERA (11 MESI di frequenza) [&hellip;]","og_url":"https:\/\/adriascuoleinfanzia.it\/?page_id=534","og_site_name":"Scuole Paritarie Adria","article_modified_time":"2025-12-08T22:59:18+00:00","twitter_card":"summary_large_image","twitter_misc":{"Tempo di lettura stimato":"3 minuti"},"schema":{"@context":"https:\/\/schema.org","@graph":[{"@type":"WebPage","@id":"https:\/\/adriascuoleinfanzia.it\/?page_id=534","url":"https:\/\/adriascuoleinfanzia.it\/?page_id=534","name":"Costi - Scuole Paritarie Adria","isPartOf":{"@id":"https:\/\/adriascuoleinfanzia.it\/#website"},"datePublished":"2022-05-20T14:18:22+00:00","dateModified":"2025-12-08T22:59:18+00:00","breadcrumb":{"@id":"https:\/\/adriascuoleinfanzia.it\/?page_id=534#breadcrumb"},"inLanguage":"it-IT","potentialAction":[{"@type":"ReadAction","target":["https:\/\/adriascuoleinfanzia.it\/?page_id=534"]}]},{"@type":"BreadcrumbList","@id":"https:\/\/adriascuoleinfanzia.it\/?page_id=534#breadcrumb","itemListElement":[{"@type":"ListItem","position":1,"name":"Home","item":"https:\/\/adriascuoleinfanzia.it\/"},{"@type":"ListItem","position":2,"name":"Costi"}]},{"@type":"WebSite","@id":"https:\/\/adriascuoleinfanzia.it\/#website","url":"https:\/\/adriascuoleinfanzia.it\/","name":"Scuole Paritarie Adria","description":"Per una Scuola che \u00e8 comunit\u00e0","publisher":{"@id":"https:\/\/adriascuoleinfanzia.it\/#organization"},"potentialAction":[{"@type":"SearchAction","target":{"@type":"EntryPoint","urlTemplate":"https:\/\/adriascuoleinfanzia.it\/?s={search_term_string}"},"query-input":{"@type":"PropertyValueSpecification","valueRequired":true,"valueName":"search_term_string"}}],"inLanguage":"it-IT"},{"@type":"Organization","@id":"https:\/\/adriascuoleinfanzia.it\/#organization","name":"Scuole Paritarie Adria","url":"https:\/\/adriascuoleinfanzia.it\/","logo":{"@type":"ImageObject","inLanguage":"it-IT","@id":"https:\/\/adriascuoleinfanzia.it\/#\/schema\/logo\/image\/","url":"https:\/\/adriascuoleinfanzia.it\/wp-content\/uploads\/2022\/05\/logo-1.png","contentUrl":"https:\/\/adriascuoleinfanzia.it\/wp-content\/uploads\/2022\/05\/logo-1.png","width":328,"height":271,"caption":"Scuole Paritarie Adria"},"image":{"@id":"https:\/\/adriascuoleinfanzia.it\/#\/schema\/logo\/image\/"}}]}},"_links":{"self":[{"href":"https:\/\/adriascuoleinfanzia.it\/index.php?rest_route=\/wp\/v2\/pages\/534","targetHints":{"allow":["GET"]}}],"collection":[{"href":"https:\/\/adriascuoleinfanzia.it\/index.php?rest_route=\/wp\/v2\/pages"}],"about":[{"href":"https:\/\/adriascuoleinfanzia.it\/index.php?rest_route=\/wp\/v2\/types\/page"}],"author":[{"embeddable":true,"href":"https:\/\/adriascuoleinfanzia.it\/index.php?rest_route=\/wp\/v2\/users\/1"}],"replies":[{"embeddable":true,"href":"https:\/\/adriascuoleinfanzia.it\/index.php?rest_route=%2Fwp%2Fv2%2Fcomments&post=534"}],"version-history":[{"count":71,"href":"https:\/\/adriascuoleinfanzia.it\/index.php?rest_route=\/wp\/v2\/pages\/534\/revisions"}],"predecessor-version":[{"id":2933,"href":"https:\/\/adriascuoleinfanzia.it\/index.php?rest_route=\/wp\/v2\/pages\/534\/revisions\/2933"}],"wp:attachment":[{"href":"https:\/\/adriascuoleinfanzia.it\/index.php?rest_route=%2Fwp%2Fv2%2Fmedia&parent=534"}],"curies":[{"name":"wp","href":"https:\/\/api.w.org\/{rel}","templated":true}]}}