{"id":19,"date":"2022-05-12T12:38:03","date_gmt":"2022-05-12T10:38:03","guid":{"rendered":"http:\/\/localhost:8080\/?page_id=19"},"modified":"2025-12-09T19:28:31","modified_gmt":"2025-12-09T18:28:31","slug":"slide-istituti","status":"publish","type":"page","link":"https:\/\/adriascuoleinfanzia.it\/","title":{"rendered":"home"},"content":{"rendered":"<h2>Aperte le iscrizioni all&#8217;anno scolastico 2026-2027<\/h2>\n\n\n\n\n<p>Le iscrizioni all&#8217;anno scolastico 2026-2027 sono aperte per tutti i nostri Istituti. <em><strong>Trovi su questo sito i regolamenti scolastici per il nuovo anno<\/strong> <strong>e la documentazione relativa, nella linea di trasparenza ed efficienza informativa che da sempre ci caratterizza.<\/strong><\/em> Il Regolamento e il modulo di iscrizione sono scaricabili nella sezione <em>download<\/em> del men\u00f9 generale in alto: ti consigliamo sempre di rivolgerti alla Segreteria di via Filiberto 4 per le Scuole <em>M. Immacolata<\/em> e <em>Santa Teresa<\/em> e direttamente alla Scuola <em>Umberto Maddalena<\/em> a Bottrighe per essere aiutata nel processo di iscrizione e per verificare la reale possibilit\u00e0 di accoglienza del bambino nelle Sezioni in base anche alle Leggi vigenti. <br \/><br \/>Le scuole paritarie della citt\u00e0 di Adria affondano le loro radici nella tradizione educativa cattolica della citt\u00e0: sorte in contesti comunitari, rimangono <em>scuole di comunit\u00e0<\/em> integrate dalla LEGGE 62\/2000 nel sistema pubblico di Istruzione. I continui investimenti strutturali, il confronto con l&#8217;evoluzione scientifica e didattica del nostro tempo e l&#8217;arricchimento sistematico delle proposte e dei servizi, rendono le scuole paritarie adriesi dei veri e propri polmoni educativi e aggregativi per la vitalit\u00e0 della nostra comunit\u00e0. Il servizio alla vita, alla famiglia, alla persona traduce oggi il midollo evangelico della tradizione che le ha generate in un&#8217;offerta completa, moderna e di qualit\u00e0.<\/p>\n<p>Il nostro patrimonio educativo offre:<\/p>\n<ul>\n<li>3 Istituti educativi<\/li>\n<li>5 Sezioni dell&#8217;infanzia<\/li>\n<li>3 Sezioni Primavera<\/li>\n<li>1 Doposcuola a Bottrighe<\/li>\n<li>Servizio reso sia in centro ad Adria che nella maggiore frazione di Bottrighe<\/li>\n<li>3 Cucine interne nei singoli plessi<\/li>\n<li>21 dipendenti<\/li>\n<li>Un collegio di 9 docenti\/educatori<\/li>\n<li>1 Direzione generale condivisa dalle 8-00 alle 12.00 e dalle 14.00 alle 16.00.<\/li>\n<li>1 Comunit\u00e0 religiosa nel coordinamento didattico<\/li>\n<li>2 Sacerdoti referenti della zona pastorale\u00a0<\/li>\n<li>1 Consiglio di coordinamento\u00a0<\/li>\n<\/ul>\n<p><img fetchpriority=\"high\" decoding=\"async\" src=\"https:\/\/adriascuoleinfanzia.it\/wp-content\/uploads\/2023\/05\/180-1800630_clip-art-kids-drawing-for-kids-hd-png.png\" alt=\"\" width=\"860\" height=\"601\" \/><\/p>","protected":false},"excerpt":{"rendered":"<p>Aperte le iscrizioni all&#8217;anno scolastico 2026-2027 Le iscrizioni all&#8217;anno scolastico 2026-2027 sono aperte per tutti i nostri Istituti. Trovi su questo sito i regolamenti scolastici per il nuovo anno e la documentazione relativa, nella linea di trasparenza ed efficienza informativa che da sempre ci caratterizza. Il Regolamento e il modulo di iscrizione sono scaricabili nella [&hellip;]<\/p>\n","protected":false},"author":1,"featured_media":0,"parent":0,"menu_order":0,"comment_status":"closed","ping_status":"closed","template":"","meta":{"footnotes":""},"class_list":["post-19","page","type-page","status-publish","hentry"],"yoast_head":"<!-- This site is optimized with the Yoast SEO plugin v27.4 - https:\/\/yoast.com\/product\/yoast-seo-wordpress\/ -->\n<title>home - Scuole Paritarie Adria<\/title>\n<meta name=\"robots\" content=\"index, follow, max-snippet:-1, max-image-preview:large, max-video-preview:-1\" \/>\n<link rel=\"canonical\" href=\"https:\/\/adriascuoleinfanzia.it\/\" \/>\n<meta property=\"og:locale\" content=\"it_IT\" \/>\n<meta property=\"og:type\" content=\"article\" \/>\n<meta property=\"og:title\" content=\"home - Scuole Paritarie Adria\" \/>\n<meta property=\"og:description\" content=\"Aperte le iscrizioni all&#8217;anno scolastico 2026-2027 Le iscrizioni all&#8217;anno scolastico 2026-2027 sono aperte per tutti i nostri Istituti. Trovi su questo sito i regolamenti scolastici per il nuovo anno e la documentazione relativa, nella linea di trasparenza ed efficienza informativa che da sempre ci caratterizza. Il Regolamento e il modulo di iscrizione sono scaricabili nella [&hellip;]\" \/>\n<meta property=\"og:url\" content=\"https:\/\/adriascuoleinfanzia.it\/\" \/>\n<meta property=\"og:site_name\" content=\"Scuole Paritarie Adria\" \/>\n<meta property=\"article:modified_time\" content=\"2025-12-09T18:28:31+00:00\" \/>\n<meta property=\"og:image\" content=\"https:\/\/adriascuoleinfanzia.it\/wp-content\/uploads\/2023\/05\/180-1800630_clip-art-kids-drawing-for-kids-hd-png.png\" \/>\n<meta name=\"twitter:card\" content=\"summary_large_image\" \/>\n<meta name=\"twitter:label1\" content=\"Tempo di lettura stimato\" \/>\n\t<meta name=\"twitter:data1\" content=\"2 minuti\" \/>\n<script type=\"application\/ld+json\" class=\"yoast-schema-graph\">{\"@context\":\"https:\\\/\\\/schema.org\",\"@graph\":[{\"@type\":\"WebPage\",\"@id\":\"https:\\\/\\\/adriascuoleinfanzia.it\\\/\",\"url\":\"https:\\\/\\\/adriascuoleinfanzia.it\\\/\",\"name\":\"home - Scuole Paritarie Adria\",\"isPartOf\":{\"@id\":\"https:\\\/\\\/adriascuoleinfanzia.it\\\/#website\"},\"primaryImageOfPage\":{\"@id\":\"https:\\\/\\\/adriascuoleinfanzia.it\\\/#primaryimage\"},\"image\":{\"@id\":\"https:\\\/\\\/adriascuoleinfanzia.it\\\/#primaryimage\"},\"thumbnailUrl\":\"https:\\\/\\\/adriascuoleinfanzia.it\\\/wp-content\\\/uploads\\\/2023\\\/05\\\/180-1800630_clip-art-kids-drawing-for-kids-hd-png.png\",\"datePublished\":\"2022-05-12T10:38:03+00:00\",\"dateModified\":\"2025-12-09T18:28:31+00:00\",\"breadcrumb\":{\"@id\":\"https:\\\/\\\/adriascuoleinfanzia.it\\\/#breadcrumb\"},\"inLanguage\":\"it-IT\",\"potentialAction\":[{\"@type\":\"ReadAction\",\"target\":[\"https:\\\/\\\/adriascuoleinfanzia.it\\\/\"]}]},{\"@type\":\"ImageObject\",\"inLanguage\":\"it-IT\",\"@id\":\"https:\\\/\\\/adriascuoleinfanzia.it\\\/#primaryimage\",\"url\":\"https:\\\/\\\/adriascuoleinfanzia.it\\\/wp-content\\\/uploads\\\/2023\\\/05\\\/180-1800630_clip-art-kids-drawing-for-kids-hd-png.png\",\"contentUrl\":\"https:\\\/\\\/adriascuoleinfanzia.it\\\/wp-content\\\/uploads\\\/2023\\\/05\\\/180-1800630_clip-art-kids-drawing-for-kids-hd-png.png\",\"width\":860,\"height\":601},{\"@type\":\"BreadcrumbList\",\"@id\":\"https:\\\/\\\/adriascuoleinfanzia.it\\\/#breadcrumb\",\"itemListElement\":[{\"@type\":\"ListItem\",\"position\":1,\"name\":\"Home\",\"item\":\"https:\\\/\\\/adriascuoleinfanzia.it\\\/\"},{\"@type\":\"ListItem\",\"position\":2,\"name\":\"home\"}]},{\"@type\":\"WebSite\",\"@id\":\"https:\\\/\\\/adriascuoleinfanzia.it\\\/#website\",\"url\":\"https:\\\/\\\/adriascuoleinfanzia.it\\\/\",\"name\":\"Scuole Paritarie Adria\",\"description\":\"Per una Scuola che \u00e8 comunit\u00e0\",\"publisher\":{\"@id\":\"https:\\\/\\\/adriascuoleinfanzia.it\\\/#organization\"},\"potentialAction\":[{\"@type\":\"SearchAction\",\"target\":{\"@type\":\"EntryPoint\",\"urlTemplate\":\"https:\\\/\\\/adriascuoleinfanzia.it\\\/?s={search_term_string}\"},\"query-input\":{\"@type\":\"PropertyValueSpecification\",\"valueRequired\":true,\"valueName\":\"search_term_string\"}}],\"inLanguage\":\"it-IT\"},{\"@type\":\"Organization\",\"@id\":\"https:\\\/\\\/adriascuoleinfanzia.it\\\/#organization\",\"name\":\"Scuole Paritarie Adria\",\"url\":\"https:\\\/\\\/adriascuoleinfanzia.it\\\/\",\"logo\":{\"@type\":\"ImageObject\",\"inLanguage\":\"it-IT\",\"@id\":\"https:\\\/\\\/adriascuoleinfanzia.it\\\/#\\\/schema\\\/logo\\\/image\\\/\",\"url\":\"https:\\\/\\\/adriascuoleinfanzia.it\\\/wp-content\\\/uploads\\\/2022\\\/05\\\/logo-1.png\",\"contentUrl\":\"https:\\\/\\\/adriascuoleinfanzia.it\\\/wp-content\\\/uploads\\\/2022\\\/05\\\/logo-1.png\",\"width\":328,\"height\":271,\"caption\":\"Scuole Paritarie Adria\"},\"image\":{\"@id\":\"https:\\\/\\\/adriascuoleinfanzia.it\\\/#\\\/schema\\\/logo\\\/image\\\/\"}}]}<\/script>\n<!-- \/ Yoast SEO plugin. -->","yoast_head_json":{"title":"home - Scuole Paritarie Adria","robots":{"index":"index","follow":"follow","max-snippet":"max-snippet:-1","max-image-preview":"max-image-preview:large","max-video-preview":"max-video-preview:-1"},"canonical":"https:\/\/adriascuoleinfanzia.it\/","og_locale":"it_IT","og_type":"article","og_title":"home - Scuole Paritarie Adria","og_description":"Aperte le iscrizioni all&#8217;anno scolastico 2026-2027 Le iscrizioni all&#8217;anno scolastico 2026-2027 sono aperte per tutti i nostri Istituti. Trovi su questo sito i regolamenti scolastici per il nuovo anno e la documentazione relativa, nella linea di trasparenza ed efficienza informativa che da sempre ci caratterizza. Il Regolamento e il modulo di iscrizione sono scaricabili nella [&hellip;]","og_url":"https:\/\/adriascuoleinfanzia.it\/","og_site_name":"Scuole Paritarie Adria","article_modified_time":"2025-12-09T18:28:31+00:00","og_image":[{"url":"https:\/\/adriascuoleinfanzia.it\/wp-content\/uploads\/2023\/05\/180-1800630_clip-art-kids-drawing-for-kids-hd-png.png","type":"","width":"","height":""}],"twitter_card":"summary_large_image","twitter_misc":{"Tempo di lettura stimato":"2 minuti"},"schema":{"@context":"https:\/\/schema.org","@graph":[{"@type":"WebPage","@id":"https:\/\/adriascuoleinfanzia.it\/","url":"https:\/\/adriascuoleinfanzia.it\/","name":"home - Scuole Paritarie Adria","isPartOf":{"@id":"https:\/\/adriascuoleinfanzia.it\/#website"},"primaryImageOfPage":{"@id":"https:\/\/adriascuoleinfanzia.it\/#primaryimage"},"image":{"@id":"https:\/\/adriascuoleinfanzia.it\/#primaryimage"},"thumbnailUrl":"https:\/\/adriascuoleinfanzia.it\/wp-content\/uploads\/2023\/05\/180-1800630_clip-art-kids-drawing-for-kids-hd-png.png","datePublished":"2022-05-12T10:38:03+00:00","dateModified":"2025-12-09T18:28:31+00:00","breadcrumb":{"@id":"https:\/\/adriascuoleinfanzia.it\/#breadcrumb"},"inLanguage":"it-IT","potentialAction":[{"@type":"ReadAction","target":["https:\/\/adriascuoleinfanzia.it\/"]}]},{"@type":"ImageObject","inLanguage":"it-IT","@id":"https:\/\/adriascuoleinfanzia.it\/#primaryimage","url":"https:\/\/adriascuoleinfanzia.it\/wp-content\/uploads\/2023\/05\/180-1800630_clip-art-kids-drawing-for-kids-hd-png.png","contentUrl":"https:\/\/adriascuoleinfanzia.it\/wp-content\/uploads\/2023\/05\/180-1800630_clip-art-kids-drawing-for-kids-hd-png.png","width":860,"height":601},{"@type":"BreadcrumbList","@id":"https:\/\/adriascuoleinfanzia.it\/#breadcrumb","itemListElement":[{"@type":"ListItem","position":1,"name":"Home","item":"https:\/\/adriascuoleinfanzia.it\/"},{"@type":"ListItem","position":2,"name":"home"}]},{"@type":"WebSite","@id":"https:\/\/adriascuoleinfanzia.it\/#website","url":"https:\/\/adriascuoleinfanzia.it\/","name":"Scuole Paritarie Adria","description":"Per una Scuola che \u00e8 comunit\u00e0","publisher":{"@id":"https:\/\/adriascuoleinfanzia.it\/#organization"},"potentialAction":[{"@type":"SearchAction","target":{"@type":"EntryPoint","urlTemplate":"https:\/\/adriascuoleinfanzia.it\/?s={search_term_string}"},"query-input":{"@type":"PropertyValueSpecification","valueRequired":true,"valueName":"search_term_string"}}],"inLanguage":"it-IT"},{"@type":"Organization","@id":"https:\/\/adriascuoleinfanzia.it\/#organization","name":"Scuole Paritarie Adria","url":"https:\/\/adriascuoleinfanzia.it\/","logo":{"@type":"ImageObject","inLanguage":"it-IT","@id":"https:\/\/adriascuoleinfanzia.it\/#\/schema\/logo\/image\/","url":"https:\/\/adriascuoleinfanzia.it\/wp-content\/uploads\/2022\/05\/logo-1.png","contentUrl":"https:\/\/adriascuoleinfanzia.it\/wp-content\/uploads\/2022\/05\/logo-1.png","width":328,"height":271,"caption":"Scuole Paritarie Adria"},"image":{"@id":"https:\/\/adriascuoleinfanzia.it\/#\/schema\/logo\/image\/"}}]}},"_links":{"self":[{"href":"https:\/\/adriascuoleinfanzia.it\/index.php?rest_route=\/wp\/v2\/pages\/19","targetHints":{"allow":["GET"]}}],"collection":[{"href":"https:\/\/adriascuoleinfanzia.it\/index.php?rest_route=\/wp\/v2\/pages"}],"about":[{"href":"https:\/\/adriascuoleinfanzia.it\/index.php?rest_route=\/wp\/v2\/types\/page"}],"author":[{"embeddable":true,"href":"https:\/\/adriascuoleinfanzia.it\/index.php?rest_route=\/wp\/v2\/users\/1"}],"replies":[{"embeddable":true,"href":"https:\/\/adriascuoleinfanzia.it\/index.php?rest_route=%2Fwp%2Fv2%2Fcomments&post=19"}],"version-history":[{"count":229,"href":"https:\/\/adriascuoleinfanzia.it\/index.php?rest_route=\/wp\/v2\/pages\/19\/revisions"}],"predecessor-version":[{"id":2961,"href":"https:\/\/adriascuoleinfanzia.it\/index.php?rest_route=\/wp\/v2\/pages\/19\/revisions\/2961"}],"wp:attachment":[{"href":"https:\/\/adriascuoleinfanzia.it\/index.php?rest_route=%2Fwp%2Fv2%2Fmedia&parent=19"}],"curies":[{"name":"wp","href":"https:\/\/api.w.org\/{rel}","templated":true}]}}